{"id":11576,"date":"2025-04-25T23:02:25","date_gmt":"2025-04-25T23:02:25","guid":{"rendered":"https:\/\/www.perspektiven-burkina.de\/?page_id=11576"},"modified":"2025-09-12T13:28:59","modified_gmt":"2025-09-12T13:28:59","slug":"spenden-2","status":"publish","type":"page","link":"https:\/\/www.perspektiven-burkina.de\/?page_id=11576","title":{"rendered":"Spenden"},"content":{"rendered":"\t\t<div data-elementor-type=\"wp-page\" data-elementor-id=\"11576\" class=\"elementor elementor-11576\" data-elementor-post-type=\"page\">\n\t\t\t\t<div class=\"elementor-element elementor-element-69f9d4b e-flex e-con-boxed e-con e-parent\" data-id=\"69f9d4b\" data-element_type=\"container\" data-e-type=\"container\" data-settings=\"{&quot;background_background&quot;:&quot;classic&quot;}\">\n\t\t\t\t\t<div class=\"e-con-inner\">\n\t\t<div class=\"elementor-element elementor-element-848f7a3 e-flex e-con-boxed e-con e-child\" data-id=\"848f7a3\" data-element_type=\"container\" data-e-type=\"container\" data-settings=\"{&quot;background_background&quot;:&quot;classic&quot;}\">\n\t\t\t\t\t<div class=\"e-con-inner\">\n\t\t\t\t<div class=\"elementor-element elementor-element-c439d1a elementor-widget elementor-widget-heading\" data-id=\"c439d1a\" data-element_type=\"widget\" data-e-type=\"widget\" data-widget_type=\"heading.default\">\n\t\t\t\t<div class=\"elementor-widget-container\">\n\t\t\t\t\t<h2 class=\"elementor-heading-title elementor-size-default\">Spendenkarte  <br>\nPerspektiven f\u00fcr Burkina Faso e.V.<\/h2>\t\t\t\t<\/div>\n\t\t\t\t<\/div>\n\t\t\t\t<div class=\"elementor-element elementor-element-8db3545 elementor-widget elementor-widget-image\" data-id=\"8db3545\" data-element_type=\"widget\" data-e-type=\"widget\" data-widget_type=\"image.default\">\n\t\t\t\t<div class=\"elementor-widget-container\">\n\t\t\t\t\t\t\t\t\t\t\t\t\t\t\t<img fetchpriority=\"high\" decoding=\"async\" width=\"300\" height=\"300\" src=\"https:\/\/www.perspektiven-burkina.de\/wp-content\/uploads\/2025\/04\/qrcode_www.perspektiven-burkina.de_-300x300.png\" class=\"attachment-medium size-medium wp-image-11578\" alt=\"\" srcset=\"https:\/\/www.perspektiven-burkina.de\/wp-content\/uploads\/2025\/04\/qrcode_www.perspektiven-burkina.de_-300x300.png 300w, https:\/\/www.perspektiven-burkina.de\/wp-content\/uploads\/2025\/04\/qrcode_www.perspektiven-burkina.de_-150x150.png 150w, https:\/\/www.perspektiven-burkina.de\/wp-content\/uploads\/2025\/04\/qrcode_www.perspektiven-burkina.de_.png 450w\" sizes=\"(max-width: 300px) 100vw, 300px\" \/>\t\t\t\t\t\t\t\t\t\t\t\t\t\t\t<\/div>\n\t\t\t\t<\/div>\n\t\t\t\t<div class=\"elementor-element elementor-element-4a38b85 elementor-widget elementor-widget-text-editor\" data-id=\"4a38b85\" data-element_type=\"widget\" data-e-type=\"widget\" data-widget_type=\"text-editor.default\">\n\t\t\t\t<div class=\"elementor-widget-container\">\n\t\t\t\t\t\t\t\t\t<p>Scannen Sie den QR-Code, um die Spende direkt \u00fcber Ihre Banking-App abzuwickeln.<\/p>\t\t\t\t\t\t\t\t<\/div>\n\t\t\t\t<\/div>\n\t\t<div class=\"elementor-element elementor-element-982886b e-grid e-con-full e-con e-child\" data-id=\"982886b\" data-element_type=\"container\" data-e-type=\"container\">\n\t\t\t\t<div class=\"elementor-element elementor-element-6633c6e elementor-widget elementor-widget-heading\" data-id=\"6633c6e\" data-element_type=\"widget\" data-e-type=\"widget\" data-widget_type=\"heading.default\">\n\t\t\t\t<div class=\"elementor-widget-container\">\n\t\t\t\t\t<h4 class=\"elementor-heading-title elementor-size-default\">Spende \u00fcber die <p> \nVolksbank Raiffeisenbank<p> Dachau<\/h4>\t\t\t\t<\/div>\n\t\t\t\t<\/div>\n\t\t\t\t<div class=\"elementor-element elementor-element-fed08fd elementor-widget elementor-widget-heading\" data-id=\"fed08fd\" data-element_type=\"widget\" data-e-type=\"widget\" data-widget_type=\"heading.default\">\n\t\t\t\t<div class=\"elementor-widget-container\">\n\t\t\t\t\t<h4 class=\"elementor-heading-title elementor-size-default\">Spende \u00fcber die <p>Sparkasse <p>Dachau<\/h4>\t\t\t\t<\/div>\n\t\t\t\t<\/div>\n\t\t\t\t<div class=\"elementor-element elementor-element-39ee87e elementor-widget elementor-widget-html\" data-id=\"39ee87e\" data-element_type=\"widget\" data-e-type=\"widget\" data-widget_type=\"html.default\">\n\t\t\t\t<div class=\"elementor-widget-container\">\n\t\t\t\t\t<!DOCTYPE html>\n<html lang=\"de\">\n<head>\n<meta charset=\"UTF-8\" \/>\n<meta name=\"viewport\" content=\"width=device-width, initial-scale=1\" \/>\n<title>IBAN Kopieren<\/title>\n<style>\n  body {\n    font-family: Arial, sans-serif;\n    padding: 30px;\n    background: #f5f5f5;\n    text-align: center;\n  }\n  .iban {\n    font-weight: bold;\n    font-size: 2em;\n    margin-bottom: 20px;\n    user-select: all; \/* Erm\u00f6glicht einfaches Markieren *\/\n  }\n  button {\n\n    background-color: #204531;\n    color: white;\n    border: none;\n    padding: 15px 40px;\n    border-radius: 15px;\n    font-size: 1.2em;\n    cursor: pointer;\n    transition: background-color 0.3s ease;\n  }\n  button:hover {\n    background-color: #346b3f;\n  }\n<\/style>\n<\/head>\n<body>\n\n<div class=\"iban\" id=\"iban\">DE65 7009 1500 0000 0557 00<\/div>\n<button id=\"copyBtn\">Kopieren<\/button>\n\n<script>\n  document.getElementById('copyBtn').addEventListener('click', () => {\n    const iban = document.getElementById('iban').innerText;\n    navigator.clipboard.writeText(iban).then(() => {\n      alert('IBAN wurde kopiert!');\n    }).catch(() => {\n      alert('Fehler beim Kopieren.');\n    });\n  });\n<\/script>\n\n<\/body>\n<\/html>\n\t\t\t\t<\/div>\n\t\t\t\t<\/div>\n\t\t\t\t<div class=\"elementor-element elementor-element-4a45274 elementor-widget elementor-widget-html\" data-id=\"4a45274\" data-element_type=\"widget\" data-e-type=\"widget\" data-widget_type=\"html.default\">\n\t\t\t\t<div class=\"elementor-widget-container\">\n\t\t\t\t\t<!DOCTYPE html>\n<html lang=\"de\">\n<head>\n<meta charset=\"UTF-8\" \/>\n<meta name=\"viewport\" content=\"width=device-width, initial-scale=1\" \/>\n<title>IBAN Kopieren<\/title>\n<style>\n  body {\n    font-family: Arial, sans-serif;\n    padding: 20px;\n  }\n  .iban {\n    font-weight: bold;\n    font-size: 1.5em;\n    margin-bottom: 10px;\n  }\n  button {\n    background-color: #204531;\n    color: white;\n    border: none;\n    padding: 10px 20px;\n    border-radius: 12px;\n    cursor: pointer;\n    font-size: 1em;\n    transition: background-color 0.3s ease;\n    margin-bottom: 30px;\n  }\n  button:hover {\n    background-color: #346b3f; \/* etwas heller *\/\n  }\n<\/style>\n<\/head>\n<body>\n\n\n\n<div class=\"iban\" id=\"iban2\">DE23 7005 1540 0280 8304 23<\/div>\n<button onclick=\"copyIBAN('iban2')\">Kopieren<\/button>\n\n<script>\n  function copyIBAN(id) {\n    const ibanText = document.getElementById(id).innerText;\n    navigator.clipboard.writeText(ibanText).then(() => {\n      alert('IBAN wurde kopiert!');\n    }).catch(() => {\n      alert('Fehler beim Kopieren.');\n    });\n  }\n<\/script>\n\n<\/body>\n<\/html>\n\t\t\t\t<\/div>\n\t\t\t\t<\/div>\n\t\t\t\t<\/div>\n\t\t<div class=\"elementor-element elementor-element-aa729d9 e-con-full e-flex e-con e-child\" data-id=\"aa729d9\" data-element_type=\"container\" data-e-type=\"container\">\n\t\t\t\t<div class=\"elementor-element elementor-element-915da82 elementor-widget elementor-widget-html\" data-id=\"915da82\" data-element_type=\"widget\" data-e-type=\"widget\" data-widget_type=\"html.default\">\n\t\t\t\t<div class=\"elementor-widget-container\">\n\t\t\t\t\t<div style=\"max-width: 600px; margin: auto; padding: 24px; text-align: center; font-family: 'Open Sans', sans-serif; font-size: 16px; line-height: 1.6;\">\n  <p><strong><\/p>\n  <p>F\u00fcr eine Spendenquittung ben\u00f6tigen wir zus\u00e4tzlich Ihren vollst\u00e4ndigen Namen und Ihre Adresse. Bitte geben Sie diese Informationen im Verwendungszweck an. Der Verein ist gemeinn\u00fctzig, und das gesamte gespendete Geld flie\u00dft direkt nach Burkina Faso, um dort  Unterst\u00fctzung zu leisten.<\/p>\n  <p style=\"font-size: 14px; color: #555;\">\ud83d\udd12 Ihre Daten werden ausschlie\u00dflich zur Ausstellung der Spendenquittung verwendet.<\/p>\n  <hr style=\"margin: 24px 0;\">\n  <p style=\"font-weight: bold;\">\ud83d\udc49 Erkunden Sie unsere Website und erfahren Sie mehr \u00fcber unsere Projekte, Visionen und Erfolge.<\/p>\n  \n  <a href=\"https:\/\/www.perspektiven-burkina.de\/\" style=\"display: inline-block; margin-top: 2px; padding: 12px 24px; background-color: #1B4D3E; color: white; text-decoration: none; border-radius: 8px; font-size: 16px;\">\n    Zur Startseite\n  <\/a>\n<\/div>\n\t\t\t\t<\/div>\n\t\t\t\t<\/div>\n\t\t\t\t<\/div>\n\t\t\t\t\t<\/div>\n\t\t\t\t<\/div>\n\t\t\t\t\t<\/div>\n\t\t\t\t<\/div>\n\t\t<div class=\"elementor-element elementor-element-4e86c5b e-flex e-con-boxed e-con e-parent\" data-id=\"4e86c5b\" data-element_type=\"container\" data-e-type=\"container\" data-settings=\"{&quot;background_background&quot;:&quot;classic&quot;}\">\n\t\t\t\t\t<div class=\"e-con-inner\">\n\t\t<div class=\"elementor-element elementor-element-86dad99 e-flex e-con-boxed e-con e-child\" data-id=\"86dad99\" data-element_type=\"container\" data-e-type=\"container\" data-settings=\"{&quot;background_background&quot;:&quot;classic&quot;}\">\n\t\t\t\t\t<div class=\"e-con-inner\">\n\t\t\t\t<div class=\"elementor-element elementor-element-4d66b79 elementor-widget elementor-widget-heading\" data-id=\"4d66b79\" data-element_type=\"widget\" data-e-type=\"widget\" data-widget_type=\"heading.default\">\n\t\t\t\t<div class=\"elementor-widget-container\">\n\t\t\t\t\t<h2 class=\"elementor-heading-title elementor-size-default\">Spendenkarte  <br>\nPerspektiven f\u00fcr Burkina Faso e.V.<\/h2>\t\t\t\t<\/div>\n\t\t\t\t<\/div>\n\t\t\t\t<div class=\"elementor-element elementor-element-5dd628f elementor-widget elementor-widget-image\" data-id=\"5dd628f\" data-element_type=\"widget\" data-e-type=\"widget\" data-widget_type=\"image.default\">\n\t\t\t\t<div class=\"elementor-widget-container\">\n\t\t\t\t\t\t\t\t\t\t\t\t\t\t\t<img fetchpriority=\"high\" decoding=\"async\" width=\"300\" height=\"300\" src=\"https:\/\/www.perspektiven-burkina.de\/wp-content\/uploads\/2025\/04\/qrcode_www.perspektiven-burkina.de_-300x300.png\" class=\"attachment-medium size-medium wp-image-11578\" alt=\"\" srcset=\"https:\/\/www.perspektiven-burkina.de\/wp-content\/uploads\/2025\/04\/qrcode_www.perspektiven-burkina.de_-300x300.png 300w, https:\/\/www.perspektiven-burkina.de\/wp-content\/uploads\/2025\/04\/qrcode_www.perspektiven-burkina.de_-150x150.png 150w, https:\/\/www.perspektiven-burkina.de\/wp-content\/uploads\/2025\/04\/qrcode_www.perspektiven-burkina.de_.png 450w\" sizes=\"(max-width: 300px) 100vw, 300px\" \/>\t\t\t\t\t\t\t\t\t\t\t\t\t\t\t<\/div>\n\t\t\t\t<\/div>\n\t\t\t\t<div class=\"elementor-element elementor-element-8353aa4 elementor-widget elementor-widget-text-editor\" data-id=\"8353aa4\" data-element_type=\"widget\" data-e-type=\"widget\" data-widget_type=\"text-editor.default\">\n\t\t\t\t<div class=\"elementor-widget-container\">\n\t\t\t\t\t\t\t\t\t<p>Scannen Sie den QR-Code, um die Spende direkt \u00fcber Ihre Banking-App abzuwickeln.<\/p>\t\t\t\t\t\t\t\t<\/div>\n\t\t\t\t<\/div>\n\t\t<div class=\"elementor-element elementor-element-9ee01ad e-grid e-con-full e-con e-child\" data-id=\"9ee01ad\" data-element_type=\"container\" data-e-type=\"container\">\n\t\t\t\t<div class=\"elementor-element elementor-element-b4719f8 elementor-widget elementor-widget-heading\" data-id=\"b4719f8\" data-element_type=\"widget\" data-e-type=\"widget\" data-widget_type=\"heading.default\">\n\t\t\t\t<div class=\"elementor-widget-container\">\n\t\t\t\t\t<h4 class=\"elementor-heading-title elementor-size-default\">Spende \u00fcber die <p> \nVolksbank Raiffeisenbank<p> Dachau<\/h4>\t\t\t\t<\/div>\n\t\t\t\t<\/div>\n\t\t\t\t<div class=\"elementor-element elementor-element-c3b07f3 elementor-widget elementor-widget-heading\" data-id=\"c3b07f3\" data-element_type=\"widget\" data-e-type=\"widget\" data-widget_type=\"heading.default\">\n\t\t\t\t<div class=\"elementor-widget-container\">\n\t\t\t\t\t<h4 class=\"elementor-heading-title elementor-size-default\">Spende \u00fcber die <p>Sparkasse <p>Dachau<\/h4>\t\t\t\t<\/div>\n\t\t\t\t<\/div>\n\t\t\t\t<div class=\"elementor-element elementor-element-d0c58c4 elementor-widget elementor-widget-html\" data-id=\"d0c58c4\" data-element_type=\"widget\" data-e-type=\"widget\" data-widget_type=\"html.default\">\n\t\t\t\t<div class=\"elementor-widget-container\">\n\t\t\t\t\t<!DOCTYPE html>\n<html lang=\"de\">\n<head>\n<meta charset=\"UTF-8\" \/>\n<meta name=\"viewport\" content=\"width=device-width, initial-scale=1\" \/>\n<title>IBAN Kopieren<\/title>\n<style>\n  body {\n    font-family: Arial, sans-serif;\n    padding: 30px;\n    background: #f5f5f5;\n    text-align: center;\n  }\n  .iban {\n    font-weight: bold;\n    font-size: 2em;\n    margin-bottom: 20px;\n    user-select: all; \/* Erm\u00f6glicht einfaches Markieren *\/\n  }\n  button {\n\n    background-color: #204531;\n    color: white;\n    border: none;\n    padding: 15px 40px;\n    border-radius: 15px;\n    font-size: 1.2em;\n    cursor: pointer;\n    transition: background-color 0.3s ease;\n  }\n  button:hover {\n    background-color: #346b3f;\n  }\n<\/style>\n<\/head>\n<body>\n\n<div class=\"iban\" id=\"iban\">DE65 7009 1500 0000 0557 00<\/div>\n<button id=\"copyBtn\">Kopieren<\/button>\n\n<script>\n  document.getElementById('copyBtn').addEventListener('click', () => {\n    const iban = document.getElementById('iban').innerText;\n    navigator.clipboard.writeText(iban).then(() => {\n      alert('IBAN wurde kopiert!');\n    }).catch(() => {\n      alert('Fehler beim Kopieren.');\n    });\n  });\n<\/script>\n\n<\/body>\n<\/html>\n\t\t\t\t<\/div>\n\t\t\t\t<\/div>\n\t\t\t\t<div class=\"elementor-element elementor-element-6acf4e5 elementor-widget elementor-widget-html\" data-id=\"6acf4e5\" data-element_type=\"widget\" data-e-type=\"widget\" data-widget_type=\"html.default\">\n\t\t\t\t<div class=\"elementor-widget-container\">\n\t\t\t\t\t<!DOCTYPE html>\n<html lang=\"de\">\n<head>\n<meta charset=\"UTF-8\" \/>\n<meta name=\"viewport\" content=\"width=device-width, initial-scale=1\" \/>\n<title>IBAN Kopieren<\/title>\n<style>\n  body {\n    font-family: Arial, sans-serif;\n    padding: 20px;\n  }\n  .iban {\n    font-weight: bold;\n    font-size: 1.5em;\n    margin-bottom: 10px;\n  }\n  button {\n    background-color: #204531;\n    color: white;\n    border: none;\n    padding: 10px 20px;\n    border-radius: 12px;\n    cursor: pointer;\n    font-size: 1em;\n    transition: background-color 0.3s ease;\n    margin-bottom: 30px;\n  }\n  button:hover {\n    background-color: #346b3f; \/* etwas heller *\/\n  }\n<\/style>\n<\/head>\n<body>\n\n\n\n<div class=\"iban\" id=\"iban2\">DE23 7005 1540 0280 8304 23<\/div>\n<button onclick=\"copyIBAN('iban2')\">Kopieren<\/button>\n\n<script>\n  function copyIBAN(id) {\n    const ibanText = document.getElementById(id).innerText;\n    navigator.clipboard.writeText(ibanText).then(() => {\n      alert('IBAN wurde kopiert!');\n    }).catch(() => {\n      alert('Fehler beim Kopieren.');\n    });\n  }\n<\/script>\n\n<\/body>\n<\/html>\n\t\t\t\t<\/div>\n\t\t\t\t<\/div>\n\t\t\t\t<\/div>\n\t\t<div class=\"elementor-element elementor-element-ccad2d5 e-con-full e-flex e-con e-child\" data-id=\"ccad2d5\" data-element_type=\"container\" data-e-type=\"container\">\n\t\t\t\t<div class=\"elementor-element elementor-element-4cfa878 elementor-widget elementor-widget-html\" data-id=\"4cfa878\" data-element_type=\"widget\" data-e-type=\"widget\" data-widget_type=\"html.default\">\n\t\t\t\t<div class=\"elementor-widget-container\">\n\t\t\t\t\t<div style=\"max-width: 600px; margin: auto; padding: 24px; text-align: center; font-family: 'Open Sans', sans-serif; font-size: 16px; line-height: 1.6;\">\n  <p><strong><\/p>\n  <p>F\u00fcr eine Spendenquittung ben\u00f6tigen wir zus\u00e4tzlich Ihren vollst\u00e4ndigen Namen und Ihre Adresse. Bitte geben Sie diese Informationen im Verwendungszweck an. Der Verein ist gemeinn\u00fctzig, und das gesamte gespendete Geld flie\u00dft direkt nach Burkina Faso, um dort  Unterst\u00fctzung zu leisten.<\/p>\n  <p style=\"font-size: 14px; color: #555;\">\ud83d\udd12 Ihre Daten werden ausschlie\u00dflich zur Ausstellung der Spendenquittung verwendet.<\/p>\n  <hr style=\"margin: 24px 0;\">\n  <p style=\"font-weight: bold;\">\ud83d\udc49 Erkunden Sie unsere Website und erfahren Sie mehr \u00fcber unsere Projekte, Visionen und Erfolge.<\/p>\n  \n  <a href=\"https:\/\/www.perspektiven-burkina.de\/\" style=\"display: inline-block; margin-top: 2px; padding: 12px 24px; background-color: #1B4D3E; color: white; text-decoration: none; border-radius: 8px; font-size: 16px;\">\n    Zur Startseite\n  <\/a>\n<\/div>\n\t\t\t\t<\/div>\n\t\t\t\t<\/div>\n\t\t\t\t<\/div>\n\t\t\t\t\t<\/div>\n\t\t\t\t<\/div>\n\t\t\t\t\t<\/div>\n\t\t\t\t<\/div>\n\t\t<div class=\"elementor-element elementor-element-354986e3 e-con-full e-flex e-con e-parent\" data-id=\"354986e3\" data-element_type=\"container\" data-e-type=\"container\" data-settings=\"{&quot;background_background&quot;:&quot;classic&quot;}\">\n\t\t<div class=\"elementor-element elementor-element-744c09c3 e-con-full e-flex e-con e-child\" data-id=\"744c09c3\" data-element_type=\"container\" data-e-type=\"container\" data-settings=\"{&quot;background_background&quot;:&quot;classic&quot;}\">\n\t\t\t\t<div class=\"elementor-element elementor-element-22cb9ec5 elementor-widget elementor-widget-heading\" data-id=\"22cb9ec5\" data-element_type=\"widget\" data-e-type=\"widget\" data-widget_type=\"heading.default\">\n\t\t\t\t<div class=\"elementor-widget-container\">\n\t\t\t\t\t<h6 class=\"elementor-heading-title elementor-size-default\">Projekte die Perspektiven schenken <\/h6>\t\t\t\t<\/div>\n\t\t\t\t<\/div>\n\t\t\t\t<div class=\"elementor-element elementor-element-4a22d1b9 elementor-widget__width-initial elementor-widget elementor-widget-heading\" data-id=\"4a22d1b9\" data-element_type=\"widget\" data-e-type=\"widget\" data-widget_type=\"heading.default\">\n\t\t\t\t<div class=\"elementor-widget-container\">\n\t\t\t\t\t<h3 class=\"elementor-heading-title elementor-size-default\">Jeder Cent kommt an!<\/h3>\t\t\t\t<\/div>\n\t\t\t\t<\/div>\n\t\t\t\t<div class=\"elementor-element elementor-element-5cea0232 elementor-widget elementor-widget-button\" data-id=\"5cea0232\" data-element_type=\"widget\" data-e-type=\"widget\" data-widget_type=\"button.default\">\n\t\t\t\t<div class=\"elementor-widget-container\">\n\t\t\t\t\t\t\t\t\t<div class=\"elementor-button-wrapper\">\n\t\t\t\t\t<a class=\"elementor-button elementor-button-link elementor-size-sm\" href=\"#\">\n\t\t\t\t\t\t<span class=\"elementor-button-content-wrapper\">\n\t\t\t\t\t\t\t\t\t<span class=\"elementor-button-text\">Einblicke in unsere aktuellen Projekte <\/span>\n\t\t\t\t\t<\/span>\n\t\t\t\t\t<\/a>\n\t\t\t\t<\/div>\n\t\t\t\t\t\t\t\t<\/div>\n\t\t\t\t<\/div>\n\t\t\t\t<\/div>\n\t\t<div class=\"elementor-element elementor-element-73690857 e-con-full e-flex e-con e-child\" data-id=\"73690857\" data-element_type=\"container\" data-e-type=\"container\" data-settings=\"{&quot;background_background&quot;:&quot;classic&quot;}\">\n\t\t\t\t<\/div>\n\t\t\t\t<\/div>\n\t\t<div class=\"elementor-element elementor-element-4ab7f618 e-con-full e-flex e-con e-parent\" data-id=\"4ab7f618\" data-element_type=\"container\" data-e-type=\"container\" data-settings=\"{&quot;background_background&quot;:&quot;classic&quot;}\">\n\t\t<div class=\"elementor-element elementor-element-1ba5091a e-con-full e-flex e-con e-child\" data-id=\"1ba5091a\" data-element_type=\"container\" data-e-type=\"container\">\n\t\t\t\t<div class=\"elementor-element elementor-element-537163bc elementor-widget elementor-widget-heading\" data-id=\"537163bc\" data-element_type=\"widget\" data-e-type=\"widget\" data-widget_type=\"heading.default\">\n\t\t\t\t<div class=\"elementor-widget-container\">\n\t\t\t\t\t<h2 class=\"elementor-heading-title elementor-size-default\">Sehen, was Ihre Hilfe m\u00f6glich macht<\/h2>\t\t\t\t<\/div>\n\t\t\t\t<\/div>\n\t\t\t\t<div class=\"elementor-element elementor-element-4251265f elementor-widget elementor-widget-text-editor\" data-id=\"4251265f\" data-element_type=\"widget\" data-e-type=\"widget\" data-widget_type=\"text-editor.default\">\n\t\t\t\t<div class=\"elementor-widget-container\">\n\t\t\t\t\t\t\t\t\t<p>Jedes Projekt erz\u00e4hlt eine Geschichte von Hoffnung und Wandel. Erleben Sie, wie aus einer Idee echte Zukunft entsteht vor Ort, greifbar und nachhaltig.<\/p>\t\t\t\t\t\t\t\t<\/div>\n\t\t\t\t<\/div>\n\t\t\t\t<div class=\"elementor-element elementor-element-37e5413c elementor-align-left elementor-mobile-align-center elementor-tablet-align-center elementor-widget__width-inherit elementor-widget elementor-widget-button\" data-id=\"37e5413c\" data-element_type=\"widget\" data-e-type=\"widget\" data-widget_type=\"button.default\">\n\t\t\t\t<div class=\"elementor-widget-container\">\n\t\t\t\t\t\t\t\t\t<div class=\"elementor-button-wrapper\">\n\t\t\t\t\t<a class=\"elementor-button elementor-button-link elementor-size-sm elementor-animation-grow\" href=\"https:\/\/www.perspektiven-burkina.de\/?page_id=11321\">\n\t\t\t\t\t\t<span class=\"elementor-button-content-wrapper\">\n\t\t\t\t\t\t\t\t\t<span class=\"elementor-button-text\">Projekte entdecken! <\/span>\n\t\t\t\t\t<\/span>\n\t\t\t\t\t<\/a>\n\t\t\t\t<\/div>\n\t\t\t\t\t\t\t\t<\/div>\n\t\t\t\t<\/div>\n\t\t\t\t<\/div>\n\t\t\t\t<div class=\"elementor-element elementor-element-6dcbb31f elementor-widget__width-initial elementor-widget elementor-widget-gallery\" data-id=\"6dcbb31f\" data-element_type=\"widget\" data-e-type=\"widget\" data-settings=\"{&quot;gallery_layout&quot;:&quot;masonry&quot;,&quot;columns&quot;:&quot;2&quot;,&quot;lazyload&quot;:&quot;yes&quot;,&quot;columns_tablet&quot;:2,&quot;columns_mobile&quot;:1,&quot;gap&quot;:{&quot;unit&quot;:&quot;px&quot;,&quot;size&quot;:10,&quot;sizes&quot;:[]},&quot;gap_tablet&quot;:{&quot;unit&quot;:&quot;px&quot;,&quot;size&quot;:10,&quot;sizes&quot;:[]},&quot;gap_mobile&quot;:{&quot;unit&quot;:&quot;px&quot;,&quot;size&quot;:10,&quot;sizes&quot;:[]},&quot;overlay_background&quot;:&quot;yes&quot;,&quot;content_hover_animation&quot;:&quot;fade-in&quot;}\" data-widget_type=\"gallery.default\">\n\t\t\t\t<div class=\"elementor-widget-container\">\n\t\t\t\t\t\t\t<div class=\"elementor-gallery__container\">\n\t\t\t\t\t\t\t<div class=\"e-gallery-item elementor-gallery-item elementor-animated-content\">\n\t\t\t\t\t<div class=\"e-gallery-image elementor-gallery-item__image\" data-thumbnail=\"https:\/\/www.perspektiven-burkina.de\/wp-content\/uploads\/2025\/04\/Solarkoffer-1-rotated.jpg\" data-width=\"480\" data-height=\"640\" aria-label=\"\" role=\"img\" ><\/div>\n\t\t\t\t\t\t\t\t\t\t\t<div class=\"elementor-gallery-item__overlay\"><\/div>\n\t\t\t\t\t\t\t\t\t\t\t\t\t\t<\/div>\n\t\t\t\t\t\t\t<div class=\"e-gallery-item elementor-gallery-item elementor-animated-content\">\n\t\t\t\t\t<div class=\"e-gallery-image elementor-gallery-item__image\" data-thumbnail=\"https:\/\/www.perspektiven-burkina.de\/wp-content\/uploads\/2025\/04\/Schulgebauede-scaled.jpg\" data-width=\"2560\" data-height=\"1920\" aria-label=\"\" role=\"img\" ><\/div>\n\t\t\t\t\t\t\t\t\t\t\t<div class=\"elementor-gallery-item__overlay\"><\/div>\n\t\t\t\t\t\t\t\t\t\t\t\t\t\t<\/div>\n\t\t\t\t\t\t\t<div class=\"e-gallery-item elementor-gallery-item elementor-animated-content\">\n\t\t\t\t\t<div class=\"e-gallery-image elementor-gallery-item__image\" data-thumbnail=\"https:\/\/www.perspektiven-burkina.de\/wp-content\/uploads\/2025\/04\/4.jpg\" data-width=\"1040\" data-height=\"585\" aria-label=\"\" role=\"img\" ><\/div>\n\t\t\t\t\t\t\t\t\t\t\t<div class=\"elementor-gallery-item__overlay\"><\/div>\n\t\t\t\t\t\t\t\t\t\t\t\t\t\t<\/div>\n\t\t\t\t\t<\/div>\n\t\t\t\t\t<\/div>\n\t\t\t\t<\/div>\n\t\t\t\t<\/div>\n\t\t\t\t<\/div>\n\t\t","protected":false},"excerpt":{"rendered":"<p>Spendenkarte Perspektiven f\u00fcr Burkina Faso e.V. Scannen Sie den QR-Code, um die Spende direkt \u00fcber Ihre Banking-App abzuwickeln. Spende \u00fcber die Volksbank Raiffeisenbank Dachau Spende \u00fcber die Sparkasse Dachau IBAN Kopieren DE65 7009 1500 0000 0557 00 Kopieren IBAN Kopieren DE23 7005 1540 0280 8304 23 Kopieren F\u00fcr eine Spendenquittung ben\u00f6tigen wir zus\u00e4tzlich Ihren vollst\u00e4ndigen [&hellip;]<\/p>\n","protected":false},"author":1,"featured_media":0,"parent":0,"menu_order":0,"comment_status":"closed","ping_status":"closed","template":"","meta":{"footnotes":""},"class_list":["post-11576","page","type-page","status-publish","hentry"],"_links":{"self":[{"href":"https:\/\/www.perspektiven-burkina.de\/index.php?rest_route=\/wp\/v2\/pages\/11576","targetHints":{"allow":["GET"]}}],"collection":[{"href":"https:\/\/www.perspektiven-burkina.de\/index.php?rest_route=\/wp\/v2\/pages"}],"about":[{"href":"https:\/\/www.perspektiven-burkina.de\/index.php?rest_route=\/wp\/v2\/types\/page"}],"author":[{"embeddable":true,"href":"https:\/\/www.perspektiven-burkina.de\/index.php?rest_route=\/wp\/v2\/users\/1"}],"replies":[{"embeddable":true,"href":"https:\/\/www.perspektiven-burkina.de\/index.php?rest_route=%2Fwp%2Fv2%2Fcomments&post=11576"}],"version-history":[{"count":127,"href":"https:\/\/www.perspektiven-burkina.de\/index.php?rest_route=\/wp\/v2\/pages\/11576\/revisions"}],"predecessor-version":[{"id":12941,"href":"https:\/\/www.perspektiven-burkina.de\/index.php?rest_route=\/wp\/v2\/pages\/11576\/revisions\/12941"}],"wp:attachment":[{"href":"https:\/\/www.perspektiven-burkina.de\/index.php?rest_route=%2Fwp%2Fv2%2Fmedia&parent=11576"}],"curies":[{"name":"wp","href":"https:\/\/api.w.org\/{rel}","templated":true}]}}