{"id":11642,"date":"2025-06-19T04:32:29","date_gmt":"2025-06-19T04:32:29","guid":{"rendered":"https:\/\/www.perspektiven-burkina.de\/?page_id=11642"},"modified":"2025-09-02T20:36:13","modified_gmt":"2025-09-02T20:36:13","slug":"mitgliedschaft","status":"publish","type":"page","link":"https:\/\/www.perspektiven-burkina.de\/?page_id=11642","title":{"rendered":"Mitgliedschaft"},"content":{"rendered":"\t\t<div data-elementor-type=\"wp-page\" data-elementor-id=\"11642\" class=\"elementor elementor-11642\" data-elementor-post-type=\"page\">\n\t\t\t\t<div class=\"elementor-element elementor-element-2f35a19 e-flex e-con-boxed e-con e-parent\" data-id=\"2f35a19\" data-element_type=\"container\" data-e-type=\"container\">\n\t\t\t\t\t<div class=\"e-con-inner\">\n\t\t\t\t\t<\/div>\n\t\t\t\t<\/div>\n\t\t<div class=\"elementor-element elementor-element-1818803 e-flex e-con-boxed e-con e-parent\" data-id=\"1818803\" data-element_type=\"container\" data-e-type=\"container\">\n\t\t\t\t\t<div class=\"e-con-inner\">\n\t\t\t\t<div class=\"elementor-element elementor-element-7ec7ced elementor-widget elementor-widget-html\" data-id=\"7ec7ced\" data-element_type=\"widget\" data-e-type=\"widget\" data-widget_type=\"html.default\">\n\t\t\t\t<div class=\"elementor-widget-container\">\n\t\t\t\t\t<!DOCTYPE html>\n<html lang=\"de\">\n<head>\n  <meta charset=\"UTF-8\">\n  <title>Anmeldeformular \u2013 Perspektiven f\u00fcr Burkina Faso e.V.<\/title>\n  <style>\n    body {\n      font-family: Arial, sans-serif;\n      background-color: #fefcf6; \/* heller, beiger Hintergrund *\/\n      color: #1b3d1b; \/* dunkelgr\u00fcn *\/\n      margin: 0;\n      padding: 40px;\n    }\n\n    .container {\n      max-width: 700px;\n      margin: 0 auto;\n    }\n\n    h1 {\n      color: #1b3d1b;\n      text-align: center;\n      margin-bottom: 20px;\n    }\n\n    p {\n      font-size: 1.1em;\n      line-height: 1.6;\n    }\n\n    .address {\n      margin-top: 20px;\n      background-color: #eaf4ea;\n      padding: 15px;\n      border-left: 5px solid #1b3d1b;\n    }\n\n    .download-button {\n      display: inline-block;\n      margin-top: 30px;\n      background-color: #1b3d1b;\n      color: white;\n      padding: 12px 24px;\n      text-decoration: none;\n      font-weight: bold;\n      border-radius: 8px;\n      transition: background-color 0.3s ease;\n    }\n\n    .download-button:hover {\n      background-color: #295b29;\n    }\n  <\/style>\n<\/head>\n<body>\n  <div class=\"container\">\n    <h1>Anmeldeformular herunterladen<\/h1>\n    <p>Sie m\u00f6chten Teil unseres Vereins <strong>\u201ePerspektiven f\u00fcr Burkina Faso e.\u202fV.\u201c<\/strong> werden? Dann k\u00f6nnen Sie hier unser Anmeldeformular herunterladen. Bitte f\u00fcllen Sie es aus und senden Sie es uns anschlie\u00dfend per E-Mail oder Post zur\u00fcck.<\/p>\n\n\n    <div class=\"address\">\n      <strong>Perspektiven f\u00fcr Burkina Faso e.\u202fV.<br>\n      Langhammer Stra\u00dfe 5<br>\n      85221 Dachau<br>\n      E-Mail: info@perspektiven-burkina.de<\/strong>\n    <\/div>\n\n    <a href=\"https:\/\/www.perspektiven-burkina.de\/wp-content\/uploads\/2025\/09\/Mitgliedsantrag.pdf\" class=\"download-button\" download>\n      \ud83d\udcc4 Anmeldeformular jetzt herunterladen\n    <\/a>\n  <\/div>\n<\/body>\n<\/html>\n\t\t\t\t<\/div>\n\t\t\t\t<\/div>\n\t\t\t\t\t<\/div>\n\t\t\t\t<\/div>\n\t\t<div class=\"elementor-element elementor-element-b7f1c3c e-flex e-con-boxed e-con e-parent\" data-id=\"b7f1c3c\" data-element_type=\"container\" data-e-type=\"container\">\n\t\t\t\t\t<div class=\"e-con-inner\">\n\t\t\t\t\t<\/div>\n\t\t\t\t<\/div>\n\t\t\t\t<\/div>\n\t\t","protected":false},"excerpt":{"rendered":"<p>Anmeldeformular \u2013 Perspektiven f\u00fcr Burkina Faso e.V. Anmeldeformular herunterladen Sie m\u00f6chten Teil unseres Vereins \u201ePerspektiven f\u00fcr Burkina Faso e.\u202fV.\u201c werden? Dann k\u00f6nnen Sie hier unser Anmeldeformular herunterladen. Bitte f\u00fcllen Sie es aus und senden Sie es uns anschlie\u00dfend per E-Mail oder Post zur\u00fcck. Perspektiven f\u00fcr Burkina Faso e.\u202fV. Langhammer Stra\u00dfe 5 85221 Dachau E-Mail: info@perspektiven-burkina.de [&hellip;]<\/p>\n","protected":false},"author":1,"featured_media":0,"parent":0,"menu_order":0,"comment_status":"closed","ping_status":"closed","template":"","meta":{"footnotes":""},"class_list":["post-11642","page","type-page","status-publish","hentry"],"_links":{"self":[{"href":"https:\/\/www.perspektiven-burkina.de\/index.php?rest_route=\/wp\/v2\/pages\/11642","targetHints":{"allow":["GET"]}}],"collection":[{"href":"https:\/\/www.perspektiven-burkina.de\/index.php?rest_route=\/wp\/v2\/pages"}],"about":[{"href":"https:\/\/www.perspektiven-burkina.de\/index.php?rest_route=\/wp\/v2\/types\/page"}],"author":[{"embeddable":true,"href":"https:\/\/www.perspektiven-burkina.de\/index.php?rest_route=\/wp\/v2\/users\/1"}],"replies":[{"embeddable":true,"href":"https:\/\/www.perspektiven-burkina.de\/index.php?rest_route=%2Fwp%2Fv2%2Fcomments&post=11642"}],"version-history":[{"count":28,"href":"https:\/\/www.perspektiven-burkina.de\/index.php?rest_route=\/wp\/v2\/pages\/11642\/revisions"}],"predecessor-version":[{"id":12673,"href":"https:\/\/www.perspektiven-burkina.de\/index.php?rest_route=\/wp\/v2\/pages\/11642\/revisions\/12673"}],"wp:attachment":[{"href":"https:\/\/www.perspektiven-burkina.de\/index.php?rest_route=%2Fwp%2Fv2%2Fmedia&parent=11642"}],"curies":[{"name":"wp","href":"https:\/\/api.w.org\/{rel}","templated":true}]}}