{"id":11873,"date":"2025-06-19T20:05:52","date_gmt":"2025-06-19T20:05:52","guid":{"rendered":"https:\/\/www.perspektiven-burkina.de\/?page_id=11873"},"modified":"2025-07-01T12:43:37","modified_gmt":"2025-07-01T12:43:37","slug":"flyer-2","status":"publish","type":"page","link":"https:\/\/www.perspektiven-burkina.de\/?page_id=11873","title":{"rendered":"Flyer"},"content":{"rendered":"\t\t<div data-elementor-type=\"wp-page\" data-elementor-id=\"11873\" class=\"elementor elementor-11873\" data-elementor-post-type=\"page\">\n\t\t\t\t<div class=\"elementor-element elementor-element-3862674a e-con-full e-flex e-con e-parent\" data-id=\"3862674a\" data-element_type=\"container\" data-settings=\"{&quot;background_background&quot;:&quot;classic&quot;}\">\n\t\t<div class=\"elementor-element elementor-element-dc4fa0c e-con-full e-flex e-con e-child\" data-id=\"dc4fa0c\" data-element_type=\"container\" data-settings=\"{&quot;background_background&quot;:&quot;classic&quot;}\">\n\t\t\t\t<\/div>\n\t\t\t\t<\/div>\n\t\t<div class=\"elementor-element elementor-element-64873208 e-flex e-con-boxed e-con e-parent\" data-id=\"64873208\" data-element_type=\"container\" data-settings=\"{&quot;background_background&quot;:&quot;classic&quot;}\">\n\t\t\t\t\t<div class=\"e-con-inner\">\n\t\t<div class=\"elementor-element elementor-element-313bb327 e-con-full e-flex e-con e-child\" data-id=\"313bb327\" data-element_type=\"container\">\n\t\t\t\t<div class=\"elementor-element elementor-element-23d19726 elementor-widget elementor-widget-heading\" data-id=\"23d19726\" data-element_type=\"widget\" data-widget_type=\"heading.default\">\n\t\t\t\t<div class=\"elementor-widget-container\">\n\t\t\t\t\t<h1 class=\"elementor-heading-title elementor-size-default\">Unsere Projekte im \u00dcberblick \n<\/h1>\t\t\t\t<\/div>\n\t\t\t\t<\/div>\n\t\t\t\t<div class=\"elementor-element elementor-element-9918581 elementor-widget elementor-widget-text-editor\" data-id=\"9918581\" data-element_type=\"widget\" data-widget_type=\"text-editor.default\">\n\t\t\t\t<div class=\"elementor-widget-container\">\n\t\t\t\t\t\t\t\t\t<h5><em>(kompakt als Flyer)<\/em><\/h5>\t\t\t\t\t\t\t\t<\/div>\n\t\t\t\t<\/div>\n\t\t\t\t<div class=\"elementor-element elementor-element-5c626747 elementor-widget__width-initial elementor-widget elementor-widget-text-editor\" data-id=\"5c626747\" data-element_type=\"widget\" data-widget_type=\"text-editor.default\">\n\t\t\t\t<div class=\"elementor-widget-container\">\n\t\t\t\t\t\t\t\t\t<p>Erfahren Sie mehr \u00fcber unsere Arbeit und laden Sie unsere Flyer direkt herunter.<\/p>\t\t\t\t\t\t\t\t<\/div>\n\t\t\t\t<\/div>\n\t\t\t\t<div class=\"elementor-element elementor-element-10e79566 elementor-widget__width-initial elementor-absolute elementor-widget elementor-widget-image\" data-id=\"10e79566\" data-element_type=\"widget\" data-settings=\"{&quot;_position&quot;:&quot;absolute&quot;}\" data-widget_type=\"image.default\">\n\t\t\t\t<div class=\"elementor-widget-container\">\n\t\t\t\t\t\t\t\t\t\t\t\t\t\t\t<img fetchpriority=\"high\" decoding=\"async\" width=\"2560\" height=\"1920\" src=\"https:\/\/www.perspektiven-burkina.de\/wp-content\/uploads\/2025\/04\/Schulgebauede-1-scaled.jpg\" class=\"elementor-animation-float attachment-full size-full wp-image-11467\" alt=\"\" srcset=\"https:\/\/www.perspektiven-burkina.de\/wp-content\/uploads\/2025\/04\/Schulgebauede-1-scaled.jpg 2560w, https:\/\/www.perspektiven-burkina.de\/wp-content\/uploads\/2025\/04\/Schulgebauede-1-300x225.jpg 300w, https:\/\/www.perspektiven-burkina.de\/wp-content\/uploads\/2025\/04\/Schulgebauede-1-1024x768.jpg 1024w, https:\/\/www.perspektiven-burkina.de\/wp-content\/uploads\/2025\/04\/Schulgebauede-1-768x576.jpg 768w, https:\/\/www.perspektiven-burkina.de\/wp-content\/uploads\/2025\/04\/Schulgebauede-1-1536x1152.jpg 1536w, https:\/\/www.perspektiven-burkina.de\/wp-content\/uploads\/2025\/04\/Schulgebauede-1-2048x1536.jpg 2048w\" sizes=\"(max-width: 2560px) 100vw, 2560px\" \/>\t\t\t\t\t\t\t\t\t\t\t\t\t\t\t<\/div>\n\t\t\t\t<\/div>\n\t\t\t\t<div class=\"elementor-element elementor-element-22f4cb30 elementor-widget__width-initial elementor-absolute elementor-widget elementor-widget-image\" data-id=\"22f4cb30\" data-element_type=\"widget\" data-settings=\"{&quot;_position&quot;:&quot;absolute&quot;}\" data-widget_type=\"image.default\">\n\t\t\t\t<div class=\"elementor-widget-container\">\n\t\t\t\t\t\t\t\t\t\t\t\t\t\t\t<img decoding=\"async\" width=\"768\" height=\"1024\" src=\"https:\/\/www.perspektiven-burkina.de\/wp-content\/uploads\/2025\/06\/Zuversicht-e1751378617782.jpg\" class=\"elementor-animation-float attachment-full size-full wp-image-11933\" alt=\"\" srcset=\"https:\/\/www.perspektiven-burkina.de\/wp-content\/uploads\/2025\/06\/Zuversicht-e1751378617782.jpg 768w, https:\/\/www.perspektiven-burkina.de\/wp-content\/uploads\/2025\/06\/Zuversicht-e1751378617782-225x300.jpg 225w\" sizes=\"(max-width: 768px) 100vw, 768px\" \/>\t\t\t\t\t\t\t\t\t\t\t\t\t\t\t<\/div>\n\t\t\t\t<\/div>\n\t\t\t\t<div class=\"elementor-element elementor-element-693cc7ec elementor-widget__width-initial elementor-absolute elementor-widget elementor-widget-image\" data-id=\"693cc7ec\" data-element_type=\"widget\" data-settings=\"{&quot;_position&quot;:&quot;absolute&quot;}\" data-widget_type=\"image.default\">\n\t\t\t\t<div class=\"elementor-widget-container\">\n\t\t\t\t\t\t\t\t\t\t\t\t\t\t\t<img decoding=\"async\" width=\"2560\" height=\"1920\" src=\"https:\/\/www.perspektiven-burkina.de\/wp-content\/uploads\/2025\/06\/Steinbruch-Kinder-2-scaled.jpg\" class=\"elementor-animation-float attachment-full size-full wp-image-11934\" alt=\"\" srcset=\"https:\/\/www.perspektiven-burkina.de\/wp-content\/uploads\/2025\/06\/Steinbruch-Kinder-2-scaled.jpg 2560w, https:\/\/www.perspektiven-burkina.de\/wp-content\/uploads\/2025\/06\/Steinbruch-Kinder-2-300x225.jpg 300w, https:\/\/www.perspektiven-burkina.de\/wp-content\/uploads\/2025\/06\/Steinbruch-Kinder-2-1024x768.jpg 1024w, https:\/\/www.perspektiven-burkina.de\/wp-content\/uploads\/2025\/06\/Steinbruch-Kinder-2-768x576.jpg 768w, https:\/\/www.perspektiven-burkina.de\/wp-content\/uploads\/2025\/06\/Steinbruch-Kinder-2-1536x1152.jpg 1536w, https:\/\/www.perspektiven-burkina.de\/wp-content\/uploads\/2025\/06\/Steinbruch-Kinder-2-2048x1536.jpg 2048w\" sizes=\"(max-width: 2560px) 100vw, 2560px\" \/>\t\t\t\t\t\t\t\t\t\t\t\t\t\t\t<\/div>\n\t\t\t\t<\/div>\n\t\t\t\t<div class=\"elementor-element elementor-element-18d08fb4 elementor-widget__width-initial elementor-absolute elementor-widget elementor-widget-image\" data-id=\"18d08fb4\" data-element_type=\"widget\" data-settings=\"{&quot;_position&quot;:&quot;absolute&quot;}\" data-widget_type=\"image.default\">\n\t\t\t\t<div class=\"elementor-widget-container\">\n\t\t\t\t\t\t\t\t\t\t\t\t\t\t\t<img loading=\"lazy\" decoding=\"async\" width=\"480\" height=\"640\" src=\"https:\/\/www.perspektiven-burkina.de\/wp-content\/uploads\/2025\/06\/Solarkoffer-1-rotated.jpg\" class=\"elementor-animation-float attachment-full size-full wp-image-11935\" alt=\"\" srcset=\"https:\/\/www.perspektiven-burkina.de\/wp-content\/uploads\/2025\/06\/Solarkoffer-1-rotated.jpg 480w, https:\/\/www.perspektiven-burkina.de\/wp-content\/uploads\/2025\/06\/Solarkoffer-1-225x300.jpg 225w\" sizes=\"(max-width: 480px) 100vw, 480px\" \/>\t\t\t\t\t\t\t\t\t\t\t\t\t\t\t<\/div>\n\t\t\t\t<\/div>\n\t\t\t\t<\/div>\n\t\t\t\t\t<\/div>\n\t\t\t\t<\/div>\n\t\t<div class=\"elementor-element elementor-element-9c7aeba e-flex e-con-boxed e-con e-parent\" data-id=\"9c7aeba\" data-element_type=\"container\" data-settings=\"{&quot;background_background&quot;:&quot;classic&quot;}\">\n\t\t\t\t\t<div class=\"e-con-inner\">\n\t\t<div class=\"elementor-element elementor-element-44cc977 e-con-full e-flex e-con e-child\" data-id=\"44cc977\" data-element_type=\"container\">\n\t\t<div class=\"elementor-element elementor-element-f6e91ed animated-slow e-con-full e-flex elementor-invisible e-con e-child\" data-id=\"f6e91ed\" data-element_type=\"container\" data-settings=\"{&quot;background_background&quot;:&quot;gradient&quot;,&quot;animation&quot;:&quot;fadeInUp&quot;,&quot;animation_delay&quot;:&quot;200&quot;}\">\n\t\t\t\t<div class=\"elementor-element elementor-element-dd8280a elementor-widget elementor-widget-heading\" data-id=\"dd8280a\" data-element_type=\"widget\" data-widget_type=\"heading.default\">\n\t\t\t\t<div class=\"elementor-widget-container\">\n\t\t\t\t\t<h2 class=\"elementor-heading-title elementor-size-default\">Hauptflyer<\/h2>\t\t\t\t<\/div>\n\t\t\t\t<\/div>\n\t\t\t\t<div class=\"elementor-element elementor-element-51580ff elementor-widget elementor-widget-image\" data-id=\"51580ff\" data-element_type=\"widget\" data-widget_type=\"image.default\">\n\t\t\t\t<div class=\"elementor-widget-container\">\n\t\t\t\t\t\t\t\t\t\t\t\t\t\t\t<img loading=\"lazy\" decoding=\"async\" width=\"471\" height=\"999\" src=\"https:\/\/www.perspektiven-burkina.de\/wp-content\/uploads\/2025\/06\/Flyer_Perspektiven-fuer-Burkina-Faso-e.V.png\" class=\"attachment-large size-large wp-image-11892\" alt=\"\" srcset=\"https:\/\/www.perspektiven-burkina.de\/wp-content\/uploads\/2025\/06\/Flyer_Perspektiven-fuer-Burkina-Faso-e.V.png 471w, https:\/\/www.perspektiven-burkina.de\/wp-content\/uploads\/2025\/06\/Flyer_Perspektiven-fuer-Burkina-Faso-e.V-141x300.png 141w\" sizes=\"(max-width: 471px) 100vw, 471px\" \/>\t\t\t\t\t\t\t\t\t\t\t\t\t\t\t<\/div>\n\t\t\t\t<\/div>\n\t\t\t\t<div class=\"elementor-element elementor-element-de44ffc elementor-widget elementor-widget-html\" data-id=\"de44ffc\" data-element_type=\"widget\" data-widget_type=\"html.default\">\n\t\t\t\t<div class=\"elementor-widget-container\">\n\t\t\t\t\t<div style=\"width: 260px; margin: 20px auto; background-color: #ffffff; padding: 20px; text-align: center; box-shadow: 0 2px 10px rgba(0,0,0,0.1); border: 1px solid #ddd;\">\n  <h3 style=\"color: #2e5d3e; font-size: 20px; margin-bottom: 14px;\">Helfen Sie mit!<\/h3>\n  <p style=\"font-size: 15px; color: #333; margin-bottom: 18px;\">\n    Ein \u00dcberblick \u00fcber unsere Projekte, Ziele und wie Sie uns unterst\u00fctzen k\u00f6nnen.\n  <\/p>\n  <a href=\"https:\/\/www.perspektiven-burkina.de\/wp-content\/uploads\/2025\/06\/Flyer_Perspektiven-fuer-Burkina-Faso-e.V.pdf\" download style=\"display: inline-block; background-color: #2e5d3e; color: white; padding: 11px 22px; font-size: 15px; text-decoration: none; font-weight: bold;\">\n    JETZT ANSEHEN\n  <\/a>\n<\/div>\n\t\t\t\t<\/div>\n\t\t\t\t<\/div>\n\t\t\t\t<\/div>\n\t\t\t\t<\/div>\n\t\t<div class=\"elementor-element elementor-element-f9fbf4f e-con-full e-flex e-con e-child\" data-id=\"f9fbf4f\" data-element_type=\"container\" data-settings=\"{&quot;background_background&quot;:&quot;classic&quot;}\">\n\t\t<div class=\"elementor-element elementor-element-0118183 animated-slow e-con-full e-flex elementor-invisible e-con e-child\" data-id=\"0118183\" data-element_type=\"container\" data-settings=\"{&quot;background_background&quot;:&quot;gradient&quot;,&quot;animation&quot;:&quot;fadeInUp&quot;,&quot;animation_delay&quot;:&quot;200&quot;}\">\n\t\t\t\t<div class=\"elementor-element elementor-element-88baaf3 elementor-widget elementor-widget-heading\" data-id=\"88baaf3\" data-element_type=\"widget\" data-widget_type=\"heading.default\">\n\t\t\t\t<div class=\"elementor-widget-container\">\n\t\t\t\t\t<h2 class=\"elementor-heading-title elementor-size-default\">Gesundheit<\/h2>\t\t\t\t<\/div>\n\t\t\t\t<\/div>\n\t\t\t\t<div class=\"elementor-element elementor-element-67f6801 elementor-widget elementor-widget-image\" data-id=\"67f6801\" data-element_type=\"widget\" data-widget_type=\"image.default\">\n\t\t\t\t<div class=\"elementor-widget-container\">\n\t\t\t\t\t\t\t\t\t\t\t\t\t\t\t<img loading=\"lazy\" decoding=\"async\" width=\"471\" height=\"989\" src=\"https:\/\/www.perspektiven-burkina.de\/wp-content\/uploads\/2025\/06\/Flyer_Gesundheit_Perspektiven-fuer-Burkina-Faso-e.V-1.png\" class=\"attachment-large size-large wp-image-12299\" alt=\"\" srcset=\"https:\/\/www.perspektiven-burkina.de\/wp-content\/uploads\/2025\/06\/Flyer_Gesundheit_Perspektiven-fuer-Burkina-Faso-e.V-1.png 471w, https:\/\/www.perspektiven-burkina.de\/wp-content\/uploads\/2025\/06\/Flyer_Gesundheit_Perspektiven-fuer-Burkina-Faso-e.V-1-143x300.png 143w\" sizes=\"(max-width: 471px) 100vw, 471px\" \/>\t\t\t\t\t\t\t\t\t\t\t\t\t\t\t<\/div>\n\t\t\t\t<\/div>\n\t\t\t\t<div class=\"elementor-element elementor-element-7e88b3c elementor-widget elementor-widget-html\" data-id=\"7e88b3c\" data-element_type=\"widget\" data-widget_type=\"html.default\">\n\t\t\t\t<div class=\"elementor-widget-container\">\n\t\t\t\t\t<div style=\"width: 260px; margin: 20px auto; background-color: #ffffff; padding: 20px; text-align: center; box-shadow: 0 2px 10px rgba(0,0,0,0.1); border: 1px solid #ddd;\">\n  <h3 style=\"color: #2e5d3e; font-size: 20px; margin-bottom: 14px;\">Helfen Sie mit!<\/h3>\n  <p style=\"font-size: 15px; color: #333; margin-bottom: 18px;\">\n    Ein \u00dcberblick \u00fcber unsere Projekte, Ziele und wie Sie uns unterst\u00fctzen k\u00f6nnen.\n  <\/p>\n  <a href=\"https:\/\/www.perspektiven-burkina.de\/wp-content\/uploads\/2025\/06\/Flyer_Gesundheit_Perspektiven-fuer-Burkina-Faso-e.V.pdf\" download style=\"display: inline-block; background-color: #2e5d3e; color: white; padding: 11px 22px; font-size: 15px; text-decoration: none; font-weight: bold;\">\n    JETZT ANSEHEN\n  <\/a>\n<\/div>\n\t\t\t\t<\/div>\n\t\t\t\t<\/div>\n\t\t\t\t<\/div>\n\t\t\t\t<\/div>\n\t\t<div class=\"elementor-element elementor-element-b474c3c e-con-full e-flex e-con e-child\" data-id=\"b474c3c\" data-element_type=\"container\">\n\t\t<div class=\"elementor-element elementor-element-9947042 animated-slow e-con-full e-flex elementor-invisible e-con e-child\" data-id=\"9947042\" data-element_type=\"container\" data-settings=\"{&quot;background_background&quot;:&quot;gradient&quot;,&quot;animation&quot;:&quot;fadeInUp&quot;,&quot;animation_delay&quot;:&quot;200&quot;}\">\n\t\t\t\t<div class=\"elementor-element elementor-element-fbc31d9 elementor-widget elementor-widget-heading\" data-id=\"fbc31d9\" data-element_type=\"widget\" data-widget_type=\"heading.default\">\n\t\t\t\t<div class=\"elementor-widget-container\">\n\t\t\t\t\t<h2 class=\"elementor-heading-title elementor-size-default\">Bildung<\/h2>\t\t\t\t<\/div>\n\t\t\t\t<\/div>\n\t\t\t\t<div class=\"elementor-element elementor-element-5116d58 elementor-widget elementor-widget-image\" data-id=\"5116d58\" data-element_type=\"widget\" data-widget_type=\"image.default\">\n\t\t\t\t<div class=\"elementor-widget-container\">\n\t\t\t\t\t\t\t\t\t\t\t\t\t\t\t<img loading=\"lazy\" decoding=\"async\" width=\"471\" height=\"1011\" src=\"https:\/\/www.perspektiven-burkina.de\/wp-content\/uploads\/2025\/06\/alter_Flyer_Schule_Perspektiven-fuer-Burkina-Faso-e.V-1.png\" class=\"attachment-large size-large wp-image-12302\" alt=\"\" srcset=\"https:\/\/www.perspektiven-burkina.de\/wp-content\/uploads\/2025\/06\/alter_Flyer_Schule_Perspektiven-fuer-Burkina-Faso-e.V-1.png 471w, https:\/\/www.perspektiven-burkina.de\/wp-content\/uploads\/2025\/06\/alter_Flyer_Schule_Perspektiven-fuer-Burkina-Faso-e.V-1-140x300.png 140w\" sizes=\"(max-width: 471px) 100vw, 471px\" \/>\t\t\t\t\t\t\t\t\t\t\t\t\t\t\t<\/div>\n\t\t\t\t<\/div>\n\t\t\t\t<div class=\"elementor-element elementor-element-09dec9f elementor-widget elementor-widget-html\" data-id=\"09dec9f\" data-element_type=\"widget\" data-widget_type=\"html.default\">\n\t\t\t\t<div class=\"elementor-widget-container\">\n\t\t\t\t\t<div style=\"width: 260px; margin: 20px auto; background-color: #ffffff; padding: 20px; text-align: center; box-shadow: 0 2px 10px rgba(0,0,0,0.1); border: 1px solid #ddd;\">\n  <h3 style=\"color: #2e5d3e; font-size: 20px; margin-bottom: 14px;\">Helfen Sie mit!<\/h3>\n  <p style=\"font-size: 15px; color: #333; margin-bottom: 18px;\">\n    Ein \u00dcberblick \u00fcber unsere Projekte, Ziele und wie Sie uns unterst\u00fctzen k\u00f6nnen.\n  <\/p>\n  <a href=\"https:\/\/www.perspektiven-burkina.de\/wp-content\/uploads\/2025\/06\/alter_Flyer_Schule_Perspektiven-fuer-Burkina-Faso-e.V.pdf\" download style=\"display: inline-block; background-color: #2e5d3e; color: white; padding: 11px 22px; font-size: 15px; text-decoration: none; font-weight: bold;\">\n    JETZT ANSEHEN\n  <\/a>\n<\/div>\n\t\t\t\t<\/div>\n\t\t\t\t<\/div>\n\t\t\t\t<\/div>\n\t\t\t\t<\/div>\n\t\t<div class=\"elementor-element elementor-element-2fa47f2 e-con-full e-flex e-con e-child\" data-id=\"2fa47f2\" data-element_type=\"container\">\n\t\t<div class=\"elementor-element elementor-element-ed64156 animated-slow e-con-full e-flex elementor-invisible e-con e-child\" data-id=\"ed64156\" data-element_type=\"container\" data-settings=\"{&quot;background_background&quot;:&quot;gradient&quot;,&quot;animation&quot;:&quot;fadeInUp&quot;,&quot;animation_delay&quot;:&quot;200&quot;}\">\n\t\t\t\t<div class=\"elementor-element elementor-element-4ba35f2 elementor-widget elementor-widget-heading\" data-id=\"4ba35f2\" data-element_type=\"widget\" data-widget_type=\"heading.default\">\n\t\t\t\t<div class=\"elementor-widget-container\">\n\t\t\t\t\t<h2 class=\"elementor-heading-title elementor-size-default\">Hauptflyer alt<\/h2>\t\t\t\t<\/div>\n\t\t\t\t<\/div>\n\t\t\t\t<div class=\"elementor-element elementor-element-4edf4be elementor-widget elementor-widget-image\" data-id=\"4edf4be\" data-element_type=\"widget\" data-widget_type=\"image.default\">\n\t\t\t\t<div class=\"elementor-widget-container\">\n\t\t\t\t\t\t\t\t\t\t\t\t\t\t\t<img loading=\"lazy\" decoding=\"async\" width=\"471\" height=\"982\" src=\"https:\/\/www.perspektiven-burkina.de\/wp-content\/uploads\/2025\/06\/alter_Flyer_Perspektiven-fuer-Burkina-Faso-e.V-1.png\" class=\"attachment-large size-large wp-image-12301\" alt=\"\" srcset=\"https:\/\/www.perspektiven-burkina.de\/wp-content\/uploads\/2025\/06\/alter_Flyer_Perspektiven-fuer-Burkina-Faso-e.V-1.png 471w, https:\/\/www.perspektiven-burkina.de\/wp-content\/uploads\/2025\/06\/alter_Flyer_Perspektiven-fuer-Burkina-Faso-e.V-1-144x300.png 144w\" sizes=\"(max-width: 471px) 100vw, 471px\" \/>\t\t\t\t\t\t\t\t\t\t\t\t\t\t\t<\/div>\n\t\t\t\t<\/div>\n\t\t\t\t<div class=\"elementor-element elementor-element-eb0126b elementor-widget elementor-widget-html\" data-id=\"eb0126b\" data-element_type=\"widget\" data-widget_type=\"html.default\">\n\t\t\t\t<div class=\"elementor-widget-container\">\n\t\t\t\t\t<div style=\"width: 260px; margin: 20px auto; background-color: #ffffff; padding: 20px; text-align: center; box-shadow: 0 2px 10px rgba(0,0,0,0.1); border: 1px solid #ddd;\">\n  <h3 style=\"color: #2e5d3e; font-size: 20px; margin-bottom: 14px;\">Helfen Sie mit!<\/h3>\n  <p style=\"font-size: 15px; color: #333; margin-bottom: 18px;\">\n    Ein \u00dcberblick \u00fcber unsere Projekte, Ziele und wie Sie uns unterst\u00fctzen k\u00f6nnen.\n  <\/p>\n  <a href=\"https:\/\/www.perspektiven-burkina.de\/wp-content\/uploads\/2025\/06\/alter_Flyer_Perspektiven-fuer-Burkina-Faso-e.V.pdf\" download style=\"display: inline-block; background-color: #2e5d3e; color: white; padding: 11px 22px; font-size: 15px; text-decoration: none; font-weight: bold;\">\n    JETZT ANSEHEN\n  <\/a>\n<\/div>\n\t\t\t\t<\/div>\n\t\t\t\t<\/div>\n\t\t\t\t<\/div>\n\t\t\t\t<\/div>\n\t\t\t\t\t<\/div>\n\t\t\t\t<\/div>\n\t\t\t\t<\/div>\n\t\t","protected":false},"excerpt":{"rendered":"<p>Unsere Projekte im \u00dcberblick (kompakt als Flyer) Erfahren Sie mehr \u00fcber unsere Arbeit und laden Sie unsere Flyer direkt herunter. Hauptflyer Helfen Sie mit! Ein \u00dcberblick \u00fcber unsere Projekte, Ziele und wie Sie uns unterst\u00fctzen k\u00f6nnen. JETZT ANSEHEN Gesundheit Helfen Sie mit! Ein \u00dcberblick \u00fcber unsere Projekte, Ziele und wie Sie uns unterst\u00fctzen k\u00f6nnen. JETZT [&hellip;]<\/p>\n","protected":false},"author":1,"featured_media":0,"parent":0,"menu_order":0,"comment_status":"closed","ping_status":"closed","template":"","meta":{"footnotes":""},"class_list":["post-11873","page","type-page","status-publish","hentry"],"_links":{"self":[{"href":"https:\/\/www.perspektiven-burkina.de\/index.php?rest_route=\/wp\/v2\/pages\/11873","targetHints":{"allow":["GET"]}}],"collection":[{"href":"https:\/\/www.perspektiven-burkina.de\/index.php?rest_route=\/wp\/v2\/pages"}],"about":[{"href":"https:\/\/www.perspektiven-burkina.de\/index.php?rest_route=\/wp\/v2\/types\/page"}],"author":[{"embeddable":true,"href":"https:\/\/www.perspektiven-burkina.de\/index.php?rest_route=\/wp\/v2\/users\/1"}],"replies":[{"embeddable":true,"href":"https:\/\/www.perspektiven-burkina.de\/index.php?rest_route=%2Fwp%2Fv2%2Fcomments&post=11873"}],"version-history":[{"count":61,"href":"https:\/\/www.perspektiven-burkina.de\/index.php?rest_route=\/wp\/v2\/pages\/11873\/revisions"}],"predecessor-version":[{"id":12503,"href":"https:\/\/www.perspektiven-burkina.de\/index.php?rest_route=\/wp\/v2\/pages\/11873\/revisions\/12503"}],"wp:attachment":[{"href":"https:\/\/www.perspektiven-burkina.de\/index.php?rest_route=%2Fwp%2Fv2%2Fmedia&parent=11873"}],"curies":[{"name":"wp","href":"https:\/\/api.w.org\/{rel}","templated":true}]}}