{"id":5489,"date":"2025-03-01T19:33:14","date_gmt":"2025-03-01T19:33:14","guid":{"rendered":"https:\/\/www.perspektiven-burkina.de\/?page_id=5489"},"modified":"2025-09-10T11:57:39","modified_gmt":"2025-09-10T11:57:39","slug":"burkian-faso_neu","status":"publish","type":"page","link":"https:\/\/www.perspektiven-burkina.de\/?page_id=5489","title":{"rendered":"Burkian Faso"},"content":{"rendered":"\t\t<div data-elementor-type=\"wp-page\" data-elementor-id=\"5489\" class=\"elementor elementor-5489\" data-elementor-post-type=\"page\">\n\t\t\t\t<div class=\"elementor-element elementor-element-264a9c48 e-con-full e-flex e-con e-parent\" data-id=\"264a9c48\" data-element_type=\"container\" data-e-type=\"container\" data-settings=\"{&quot;background_background&quot;:&quot;classic&quot;}\">\n\t\t<div class=\"elementor-element elementor-element-538a1eb2 e-con-full e-flex e-con e-child\" data-id=\"538a1eb2\" data-element_type=\"container\" data-e-type=\"container\">\n\t\t\t\t<div class=\"elementor-element elementor-element-2d8295a9 elementor-widget elementor-widget-heading\" data-id=\"2d8295a9\" data-element_type=\"widget\" data-e-type=\"widget\" data-widget_type=\"heading.default\">\n\t\t\t\t<div class=\"elementor-widget-container\">\n\t\t\t\t\t<h1 class=\"elementor-heading-title elementor-size-default\"><br><b>Burkina Faso <\/b><\/h1>\t\t\t\t<\/div>\n\t\t\t\t<\/div>\n\t\t\t\t<div class=\"elementor-element elementor-element-5c5da9e5 elementor-widget elementor-widget-text-editor\" data-id=\"5c5da9e5\" data-element_type=\"widget\" data-e-type=\"widget\" data-widget_type=\"text-editor.default\">\n\t\t\t\t<div class=\"elementor-widget-container\">\n\t\t\t\t\t\t\t\t\t<p><strong>Burkina Faso z\u00e4hlt zu den \u00e4rmsten L\u00e4ndern der Welt, doch seine Menschen begegnen den t\u00e4glichen Herausforderungen mit unglaublichem Zusammenhalt und St\u00e4rke. Mit unseren Projekten wollen wir nachhaltige Perspektiven schaffen \u2013 f\u00fcr Bildung, Gesundheit und eine bessere Zukunft.<\/strong><\/p><p><strong>Gemeinsam k\u00f6nnen wir etwas bewegen!<\/strong><\/p>\t\t\t\t\t\t\t\t<\/div>\n\t\t\t\t<\/div>\n\t\t\t\t<div class=\"elementor-element elementor-element-689b1389 elementor-tablet-align-center elementor-invisible elementor-widget elementor-widget-button\" data-id=\"689b1389\" data-element_type=\"widget\" data-e-type=\"widget\" data-settings=\"{&quot;_animation&quot;:&quot;fadeInLeft&quot;}\" data-widget_type=\"button.default\">\n\t\t\t\t<div class=\"elementor-widget-container\">\n\t\t\t\t\t\t\t\t\t<div class=\"elementor-button-wrapper\">\n\t\t\t\t\t<a class=\"elementor-button elementor-button-link elementor-size-sm elementor-animation-shrink\" href=\"https:\/\/www.perspektiven-burkina.de\/?page_id=11576\">\n\t\t\t\t\t\t<span class=\"elementor-button-content-wrapper\">\n\t\t\t\t\t\t\t\t\t<span class=\"elementor-button-text\">Jetzt Spenden <\/span>\n\t\t\t\t\t<\/span>\n\t\t\t\t\t<\/a>\n\t\t\t\t<\/div>\n\t\t\t\t\t\t\t\t<\/div>\n\t\t\t\t<\/div>\n\t\t\t\t<\/div>\n\t\t<div class=\"elementor-element elementor-element-79580bde e-con-full e-flex e-con e-child\" data-id=\"79580bde\" data-element_type=\"container\" data-e-type=\"container\" data-settings=\"{&quot;background_background&quot;:&quot;classic&quot;}\">\n\t\t<div class=\"elementor-element elementor-element-32031ba7 e-con-full e-flex elementor-invisible e-con e-child\" data-id=\"32031ba7\" data-element_type=\"container\" data-e-type=\"container\" data-settings=\"{&quot;background_background&quot;:&quot;classic&quot;,&quot;animation&quot;:&quot;slideInRight&quot;}\">\n\t\t\t\t<div class=\"elementor-element elementor-element-a18400e elementor-widget__width-initial elementor-widget elementor-widget-html\" data-id=\"a18400e\" data-element_type=\"widget\" data-e-type=\"widget\" data-widget_type=\"html.default\">\n\t\t\t\t<div class=\"elementor-widget-container\">\n\t\t\t\t\t<div style=\"max-width: 100%; overflow: hidden;\">\n  <iframe \n    style=\"width: 100%; max-width: 300px; height: 260px; border: none; background-color: transparent;\" \n    src=\"https:\/\/www.wetter.de\/widget\/heute\/efnym86d\/false\/\" \n    loading=\"lazy\">\n  <\/iframe>\n<\/div>\n\t\t\t\t<\/div>\n\t\t\t\t<\/div>\n\t\t\t\t<\/div>\n\t\t\t\t<\/div>\n\t\t\t\t<\/div>\n\t\t<div class=\"elementor-element elementor-element-1c22eed5 e-con-full e-flex e-con e-parent\" data-id=\"1c22eed5\" data-element_type=\"container\" data-e-type=\"container\">\n\t\t\t\t<div class=\"elementor-element elementor-element-1692da7d elementor-widget__width-inherit elementor-widget elementor-widget-google_maps\" data-id=\"1692da7d\" data-element_type=\"widget\" data-e-type=\"widget\" data-widget_type=\"google_maps.default\">\n\t\t\t\t<div class=\"elementor-widget-container\">\n\t\t\t\t\t\t\t<div class=\"elementor-custom-embed\">\n\t\t\t<iframe loading=\"lazy\"\n\t\t\t\t\tsrc=\"https:\/\/maps.google.com\/maps?q=%20Burkina%20Faso&#038;t=m&#038;z=10&#038;output=embed&#038;iwloc=near\"\n\t\t\t\t\ttitle=\" Burkina Faso\"\n\t\t\t\t\taria-label=\" Burkina Faso\"\n\t\t\t><\/iframe>\n\t\t<\/div>\n\t\t\t\t\t\t<\/div>\n\t\t\t\t<\/div>\n\t\t\t\t<\/div>\n\t\t<div class=\"elementor-element elementor-element-d98a79c e-flex e-con-boxed e-con e-parent\" data-id=\"d98a79c\" data-element_type=\"container\" data-e-type=\"container\">\n\t\t\t\t\t<div class=\"e-con-inner\">\n\t\t\t\t<div class=\"elementor-element elementor-element-6b3438e elementor-widget__width-initial elementor-widget elementor-widget-html\" data-id=\"6b3438e\" data-element_type=\"widget\" data-e-type=\"widget\" data-widget_type=\"html.default\">\n\t\t\t\t<div class=\"elementor-widget-container\">\n\t\t\t\t\t<!DOCTYPE html>\n<html lang=\"de\">\n<head>\n  <meta charset=\"UTF-8\">\n  <meta name=\"viewport\" content=\"width=device-width, initial-scale=1\">\n  <title>Ein Land der Vielfalt und Hoffnung<\/title>\n  <style>\n    body {\n      margin: 0;\n      font-family: 'Segoe UI', sans-serif;\n      background-color: #fefbf6;\n      color: #2d2d2d;\n    }\n\n    .hero {\n      background-color: #204531;\n      color: white;\n      padding: 40px 20px;\n      text-align: center;\n      margin: 40px 20px 20px 20px;\n      border-radius: 30px;\n    }\n\n    .hero h1 {\n      margin: 0;\n      font-size: 2em;\n    }\n\n    .hero p {\n      margin-top: 20px;\n      max-width: 800px;\n      margin-left: auto;\n      margin-right: auto;\n      line-height: 1.6;\n    }\n\n    .container {\n      display: grid;\n      grid-template-columns: repeat(auto-fit, minmax(300px, 1fr));\n      gap: 30px;\n      max-width: 1000px;\n      margin: 20px auto 60px;\n      padding: 0 20px;\n    }\n\n    .card {\n      background-color: white;\n      border-radius: 20px;\n      box-shadow: 0 4px 12px rgba(0, 0, 0, 0.07);\n      padding: 20px;\n      transition: transform 0.3s ease;\n    }\n\n    .card:hover {\n      transform: translateY(-5px);\n    }\n\n    .card h2 {\n      color: #204531;\n      margin-top: 0;\n    }\n\n    .card p {\n      line-height: 1.5;\n    }\n\n    @media (max-width: 600px) {\n      .hero h1 {\n        font-size: 1.5em;\n      }\n    }\n  <\/style>\n<\/head>\n<body>\n\n  <div class=\"hero\">\n    <h1> Ein Land der Vielfalt und Hoffnung<\/h1>\n    <p>\n      Burkina Faso ist ein Land voller Geschichte, Kultur und Herausforderungen, das im westlichen Afrika liegt. Trotz seiner schwierigen sozialen und wirtschaftlichen Lage zeigt das Land eine bemerkenswerte Widerstandsf\u00e4higkeit und ein starkes Engagement f\u00fcr positive Ver\u00e4nderungen. Mit seiner reichen Kultur, warmherzigen Menschen und einer unersch\u00fctterlichen Hoffnung auf eine bessere Zukunft bleibt Burkina Faso ein faszinierendes Ziel f\u00fcr Entwicklungshilfe und internationale Zusammenarbeit.\n    <\/p>\n  <\/div>\n\n  <div class=\"container\">\n\n    <div class=\"card\">\n      <h2>Geografische Lage und Klima<\/h2>\n      <p>\n        Burkina Faso liegt in der westlichen Sahelzone Afrikas, umgeben von sechs L\u00e4ndern: Mali, Niger, Benin, Togo, Ghana und C\u00f4te d'Ivoire. Das Land hat ein hei\u00dfes tropisches Klima mit einer ausgepr\u00e4gten Trockenzeit von November bis April. Der S\u00fcden des Landes ist etwas gr\u00fcner, w\u00e4hrend der Norden von ariderem, halbtrockenen Klima gepr\u00e4gt ist.\n      <\/p>\n    <\/div>\n\n    <div class=\"card\">\n      <h2>Geschichte und Unabh\u00e4ngigkeit<\/h2>\n      <p>\n        Burkina Faso wurde 1960 von Frankreich unabh\u00e4ngig und war urspr\u00fcnglich als Obervolta bekannt. Der Name \u201eBurkina Faso\u201c wurde 1984 unter dem revolution\u00e4ren Pr\u00e4sidenten Thomas Sankara eingef\u00fchrt und bedeutet \u201eLand der aufrechten Menschen\u201c. Das Land hat eine Geschichte von politischen Umw\u00e4lzungen, doch die Menschen setzen weiterhin auf eine friedliche Zukunft.\n      <\/p>\n    <\/div>\n\n    <div class=\"card\">\n      <h2>Bev\u00f6lkerung und Sprachen<\/h2>\n      <p>\n        Burkina Faso hat etwa 23 Millionen Einwohner. Das Land ist ein Schmelztiegel von Kulturen, mit 60 ethnischen Gruppen und vielen verschiedenen Sprachen. Die meistgesprochenen Sprachen sind Moore und Dioula, w\u00e4hrend Franz\u00f6sisch die offizielle Amtssprache ist.\n      <\/p>\n    <\/div>\n\n    <div class=\"card\">\n      <h2>Wirtschaft und Herausforderungen<\/h2>\n      <p>\n        Burkina Faso ist eines der \u00e4rmsten L\u00e4nder der Welt, aber die Landwirtschaft spielt eine zentrale Rolle in der Wirtschaft. Etwa 80% der Bev\u00f6lkerung sind in der Landwirtschaft t\u00e4tig, vor allem in der Baumwollproduktion. Das Land leidet unter wiederkehrenden D\u00fcrreperioden, der unsicheren politischen Lage und einem begrenzten Zugang zu Bildung und Gesundheitsversorgung.\n      <\/p>\n    <\/div>\n\n  <\/div>\n\n<\/body>\n<\/html>\n\t\t\t\t<\/div>\n\t\t\t\t<\/div>\n\t\t\t\t\t<\/div>\n\t\t\t\t<\/div>\n\t\t<div class=\"elementor-element elementor-element-41cae1d e-flex e-con-boxed e-con e-parent\" data-id=\"41cae1d\" data-element_type=\"container\" data-e-type=\"container\" id=\"partner-burkina\" data-settings=\"{&quot;background_background&quot;:&quot;classic&quot;}\">\n\t\t\t\t\t<div class=\"e-con-inner\">\n\t\t\t\t<div class=\"elementor-element elementor-element-63d9fc13 elementor-widget elementor-widget-heading\" data-id=\"63d9fc13\" data-element_type=\"widget\" data-e-type=\"widget\" data-widget_type=\"heading.default\">\n\t\t\t\t<div class=\"elementor-widget-container\">\n\t\t\t\t\t<h2 class=\"elementor-heading-title elementor-size-default\">Unsere Partner vor Ort in Burkina Faso<\/h2>\t\t\t\t<\/div>\n\t\t\t\t<\/div>\n\t\t\t\t<div class=\"elementor-element elementor-element-534453ed elementor-widget elementor-widget-text-editor\" data-id=\"534453ed\" data-element_type=\"widget\" data-e-type=\"widget\" data-widget_type=\"text-editor.default\">\n\t\t\t\t<div class=\"elementor-widget-container\">\n\t\t\t\t\t\t\t\t\t<h5 style=\"text-align: center;\">Dank unserer lokalen Partner vor Ort k\u00f6nnen wir sicherstellen, dass jedes Projekt nachhaltig, kulturell angepasst und in enger Zusammenarbeit mit der Bev\u00f6lkerung umgesetzt wird.\u00a0<\/h5>\t\t\t\t\t\t\t\t<\/div>\n\t\t\t\t<\/div>\n\t\t\t\t<div class=\"elementor-element elementor-element-6399cdaa elementor-widget elementor-widget-image-carousel\" data-id=\"6399cdaa\" data-element_type=\"widget\" data-e-type=\"widget\" data-settings=\"{&quot;slides_to_show&quot;:&quot;5&quot;,&quot;slides_to_show_tablet&quot;:&quot;4&quot;,&quot;navigation&quot;:&quot;none&quot;,&quot;pause_on_hover&quot;:&quot;no&quot;,&quot;pause_on_interaction&quot;:&quot;no&quot;,&quot;image_spacing_custom&quot;:{&quot;unit&quot;:&quot;px&quot;,&quot;size&quot;:&quot;55&quot;,&quot;sizes&quot;:[]},&quot;slides_to_scroll_tablet&quot;:&quot;1&quot;,&quot;autoplay&quot;:&quot;yes&quot;,&quot;autoplay_speed&quot;:5000,&quot;infinite&quot;:&quot;yes&quot;,&quot;speed&quot;:500,&quot;image_spacing_custom_tablet&quot;:{&quot;unit&quot;:&quot;px&quot;,&quot;size&quot;:&quot;&quot;,&quot;sizes&quot;:[]},&quot;image_spacing_custom_mobile&quot;:{&quot;unit&quot;:&quot;px&quot;,&quot;size&quot;:&quot;&quot;,&quot;sizes&quot;:[]}}\" data-widget_type=\"image-carousel.default\">\n\t\t\t\t<div class=\"elementor-widget-container\">\n\t\t\t\t\t\t\t<div class=\"elementor-image-carousel-wrapper swiper\" role=\"region\" aria-roledescription=\"carousel\" aria-label=\"Bild Karussell\" dir=\"ltr\">\n\t\t\t<div class=\"elementor-image-carousel swiper-wrapper\" aria-live=\"off\">\n\t\t\t\t\t\t\t\t<div class=\"swiper-slide\" role=\"group\" aria-roledescription=\"slide\" aria-label=\"1 von 2\"><figure class=\"swiper-slide-inner\"><img decoding=\"async\" class=\"swiper-slide-image\" src=\"https:\/\/www.perspektiven-burkina.de\/wp-content\/uploads\/2025\/09\/EL-SHAMA-EDUCARE.png\" alt=\"EL-SHAMA-EDUCARE\" \/><\/figure><\/div><div class=\"swiper-slide\" role=\"group\" aria-roledescription=\"slide\" aria-label=\"2 von 2\"><figure class=\"swiper-slide-inner\"><img decoding=\"async\" class=\"swiper-slide-image\" src=\"https:\/\/www.perspektiven-burkina.de\/wp-content\/uploads\/2025\/09\/CNAEJTB.jpeg\" alt=\"CNAEJTB\" \/><\/figure><\/div>\t\t\t<\/div>\n\t\t\t\t\t\t\t\n\t\t\t\t\t\t\t\t\t<\/div>\n\t\t\t\t\t\t<\/div>\n\t\t\t\t<\/div>\n\t\t\t\t<div class=\"elementor-element elementor-element-5d0ac642 elementor-widget__width-initial elementor-widget elementor-widget-button\" data-id=\"5d0ac642\" data-element_type=\"widget\" data-e-type=\"widget\" data-widget_type=\"button.default\">\n\t\t\t\t<div class=\"elementor-widget-container\">\n\t\t\t\t\t\t\t\t\t<div class=\"elementor-button-wrapper\">\n\t\t\t\t\t<a class=\"elementor-button elementor-button-link elementor-size-sm\" href=\"https:\/\/www.perspektiven-burkina.de\/?page_id=5465\">\n\t\t\t\t\t\t<span class=\"elementor-button-content-wrapper\">\n\t\t\t\t\t\t<span class=\"elementor-button-icon\">\n\t\t\t\t<svg aria-hidden=\"true\" class=\"e-font-icon-svg e-fas-exchange-alt\" viewBox=\"0 0 512 512\" xmlns=\"http:\/\/www.w3.org\/2000\/svg\"><path d=\"M0 168v-16c0-13.255 10.745-24 24-24h360V80c0-21.367 25.899-32.042 40.971-16.971l80 80c9.372 9.373 9.372 24.569 0 33.941l-80 80C409.956 271.982 384 261.456 384 240v-48H24c-13.255 0-24-10.745-24-24zm488 152H128v-48c0-21.314-25.862-32.08-40.971-16.971l-80 80c-9.372 9.373-9.372 24.569 0 33.941l80 80C102.057 463.997 128 453.437 128 432v-48h360c13.255 0 24-10.745 24-24v-16c0-13.255-10.745-24-24-24z\"><\/path><\/svg>\t\t\t<\/span>\n\t\t\t\t\t\t\t\t\t<span class=\"elementor-button-text\">Zu unseren Partnern in Deutschland wechseln<\/span>\n\t\t\t\t\t<\/span>\n\t\t\t\t\t<\/a>\n\t\t\t\t<\/div>\n\t\t\t\t\t\t\t\t<\/div>\n\t\t\t\t<\/div>\n\t\t\t\t\t<\/div>\n\t\t\t\t<\/div>\n\t\t<div class=\"elementor-element elementor-element-d582b31 e-flex e-con-boxed e-con e-parent\" data-id=\"d582b31\" data-element_type=\"container\" data-e-type=\"container\" data-settings=\"{&quot;background_background&quot;:&quot;classic&quot;}\">\n\t\t\t\t\t<div class=\"e-con-inner\">\n\t\t\t\t\t<\/div>\n\t\t\t\t<\/div>\n\t\t\t\t<\/div>\n\t\t","protected":false},"excerpt":{"rendered":"<p>Burkina Faso Burkina Faso z\u00e4hlt zu den \u00e4rmsten L\u00e4ndern der Welt, doch seine Menschen begegnen den t\u00e4glichen Herausforderungen mit unglaublichem Zusammenhalt und St\u00e4rke. Mit unseren Projekten wollen wir nachhaltige Perspektiven schaffen \u2013 f\u00fcr Bildung, Gesundheit und eine bessere Zukunft. Gemeinsam k\u00f6nnen wir etwas bewegen! Jetzt Spenden Ein Land der Vielfalt und Hoffnung Ein Land der [&hellip;]<\/p>\n","protected":false},"author":1,"featured_media":0,"parent":0,"menu_order":0,"comment_status":"closed","ping_status":"closed","template":"","meta":{"footnotes":""},"class_list":["post-5489","page","type-page","status-publish","hentry"],"_links":{"self":[{"href":"https:\/\/www.perspektiven-burkina.de\/index.php?rest_route=\/wp\/v2\/pages\/5489","targetHints":{"allow":["GET"]}}],"collection":[{"href":"https:\/\/www.perspektiven-burkina.de\/index.php?rest_route=\/wp\/v2\/pages"}],"about":[{"href":"https:\/\/www.perspektiven-burkina.de\/index.php?rest_route=\/wp\/v2\/types\/page"}],"author":[{"embeddable":true,"href":"https:\/\/www.perspektiven-burkina.de\/index.php?rest_route=\/wp\/v2\/users\/1"}],"replies":[{"embeddable":true,"href":"https:\/\/www.perspektiven-burkina.de\/index.php?rest_route=%2Fwp%2Fv2%2Fcomments&post=5489"}],"version-history":[{"count":107,"href":"https:\/\/www.perspektiven-burkina.de\/index.php?rest_route=\/wp\/v2\/pages\/5489\/revisions"}],"predecessor-version":[{"id":12725,"href":"https:\/\/www.perspektiven-burkina.de\/index.php?rest_route=\/wp\/v2\/pages\/5489\/revisions\/12725"}],"wp:attachment":[{"href":"https:\/\/www.perspektiven-burkina.de\/index.php?rest_route=%2Fwp%2Fv2%2Fmedia&parent=5489"}],"curies":[{"name":"wp","href":"https:\/\/api.w.org\/{rel}","templated":true}]}}